{"id":981,"date":"2024-10-16T19:05:56","date_gmt":"2024-10-16T16:05:56","guid":{"rendered":"https:\/\/lucychalkida.com\/posizione\/"},"modified":"2025-08-07T17:38:34","modified_gmt":"2025-08-07T14:38:34","slug":"posizione","status":"publish","type":"page","link":"https:\/\/lucychalkida.com\/it\/posizione\/","title":{"rendered":"POSIZIONE"},"content":{"rendered":"<p>L\u2019Hotel Lucy gode di una posizione privilegiata nel cuore di Calcide, una citt\u00e0 ricca di storia, con un\u2019atmosfera vivace e una bellezza naturale unica. Ci troviamo in un punto che unisce tranquillit\u00e0 e facile accesso a tutte le principali attrazioni.<\/p>\n<p>Dal nostro hotel \u00e8 facile esplorare la citt\u00e0 a piedi, godere della vista sul mare e immergersi nella cultura locale. La nostra posizione strategica offre accesso diretto a negozi, ristoranti, caff\u00e8 e ai luoghi di interesse pi\u00f9 importanti.<\/p>\n","protected":false},"excerpt":{"rendered":"<p>L\u2019Hotel Lucy gode di una posizione privilegiata nel cuore di Calcide, una citt\u00e0 ricca di storia, con un\u2019atmosfera vivace e una bellezza naturale unica. Ci troviamo in un punto che unisce tranquillit\u00e0 e facile accesso a tutte le principali attrazioni. Dal nostro hotel \u00e8 facile esplorare la citt\u00e0 a piedi, godere della vista sul mare [&hellip;]<\/p>\n","protected":false},"author":1,"featured_media":0,"parent":0,"menu_order":6,"comment_status":"closed","ping_status":"closed","template":"","meta":{"_acf_changed":false,"slim_seo":{"title":"POSIZIONE - Lucy Hotel \u03a7\u03b1\u03bb\u03ba\u03af\u03b4\u03b1","description":"L\u2019Hotel Lucy gode di una posizione privilegiata nel cuore di Calcide, una citt\u00e0 ricca di storia, con un\u2019atmosfera vivace e una bellezza naturale unica. Ci trovi"},"footnotes":""},"class_list":["post-981","page","type-page","status-publish","hentry"],"acf":[],"_links":{"self":[{"href":"https:\/\/lucychalkida.com\/it\/wp-json\/wp\/v2\/pages\/981","targetHints":{"allow":["GET"]}}],"collection":[{"href":"https:\/\/lucychalkida.com\/it\/wp-json\/wp\/v2\/pages"}],"about":[{"href":"https:\/\/lucychalkida.com\/it\/wp-json\/wp\/v2\/types\/page"}],"author":[{"embeddable":true,"href":"https:\/\/lucychalkida.com\/it\/wp-json\/wp\/v2\/users\/1"}],"replies":[{"embeddable":true,"href":"https:\/\/lucychalkida.com\/it\/wp-json\/wp\/v2\/comments?post=981"}],"version-history":[{"count":0,"href":"https:\/\/lucychalkida.com\/it\/wp-json\/wp\/v2\/pages\/981\/revisions"}],"wp:attachment":[{"href":"https:\/\/lucychalkida.com\/it\/wp-json\/wp\/v2\/media?parent=981"}],"curies":[{"name":"wp","href":"https:\/\/api.w.org\/{rel}","templated":true}]}}