{"id":980,"date":"2024-10-16T19:05:56","date_gmt":"2024-10-16T16:05:56","guid":{"rendered":"https:\/\/lucychalkida.com\/emplacement\/"},"modified":"2025-08-07T17:43:32","modified_gmt":"2025-08-07T14:43:32","slug":"emplacement","status":"publish","type":"page","link":"https:\/\/lucychalkida.com\/fr\/emplacement\/","title":{"rendered":"EMPLACEMENT"},"content":{"rendered":"<p>L\u2019h\u00f4tel Lucy b\u00e9n\u00e9ficie d\u2019un emplacement privil\u00e9gi\u00e9 au c\u0153ur de Chalcis, une ville riche en histoire, en atmosph\u00e8re anim\u00e9e et en beaut\u00e9 naturelle unique. Nous sommes situ\u00e9s dans un endroit qui allie tranquillit\u00e9 et acc\u00e8s facile \u00e0 tous les principaux points d\u2019int\u00e9r\u00eat.<\/p>\n<p>Depuis notre h\u00f4tel, vous pouvez facilement explorer la ville \u00e0 pied, profiter de la vue sur la mer et vous immerger dans la culture locale. Notre emplacement strat\u00e9gique offre un acc\u00e8s direct aux boutiques, restaurants, caf\u00e9s et aux sites touristiques les plus importants.<\/p>\n","protected":false},"excerpt":{"rendered":"<p>L\u2019h\u00f4tel Lucy b\u00e9n\u00e9ficie d\u2019un emplacement privil\u00e9gi\u00e9 au c\u0153ur de Chalcis, une ville riche en histoire, en atmosph\u00e8re anim\u00e9e et en beaut\u00e9 naturelle unique. Nous sommes situ\u00e9s dans un endroit qui allie tranquillit\u00e9 et acc\u00e8s facile \u00e0 tous les principaux points d\u2019int\u00e9r\u00eat. Depuis notre h\u00f4tel, vous pouvez facilement explorer la ville \u00e0 pied, profiter de la [&hellip;]<\/p>\n","protected":false},"author":1,"featured_media":0,"parent":0,"menu_order":6,"comment_status":"closed","ping_status":"closed","template":"","meta":{"_acf_changed":false,"slim_seo":{"title":"EMPLACEMENT - Lucy Hotel \u03a7\u03b1\u03bb\u03ba\u03af\u03b4\u03b1","description":"L\u2019h\u00f4tel Lucy b\u00e9n\u00e9ficie d\u2019un emplacement privil\u00e9gi\u00e9 au c\u0153ur de Chalcis, une ville riche en histoire, en atmosph\u00e8re anim\u00e9e et en beaut\u00e9 naturelle unique. Nous som"},"footnotes":""},"class_list":["post-980","page","type-page","status-publish","hentry"],"acf":[],"_links":{"self":[{"href":"https:\/\/lucychalkida.com\/fr\/wp-json\/wp\/v2\/pages\/980","targetHints":{"allow":["GET"]}}],"collection":[{"href":"https:\/\/lucychalkida.com\/fr\/wp-json\/wp\/v2\/pages"}],"about":[{"href":"https:\/\/lucychalkida.com\/fr\/wp-json\/wp\/v2\/types\/page"}],"author":[{"embeddable":true,"href":"https:\/\/lucychalkida.com\/fr\/wp-json\/wp\/v2\/users\/1"}],"replies":[{"embeddable":true,"href":"https:\/\/lucychalkida.com\/fr\/wp-json\/wp\/v2\/comments?post=980"}],"version-history":[{"count":0,"href":"https:\/\/lucychalkida.com\/fr\/wp-json\/wp\/v2\/pages\/980\/revisions"}],"wp:attachment":[{"href":"https:\/\/lucychalkida.com\/fr\/wp-json\/wp\/v2\/media?parent=980"}],"curies":[{"name":"wp","href":"https:\/\/api.w.org\/{rel}","templated":true}]}}