{"id":977,"date":"2024-10-16T19:05:56","date_gmt":"2024-10-16T16:05:56","guid":{"rendered":"https:\/\/lucychalkida.com\/evenements\/"},"modified":"2025-10-30T13:02:20","modified_gmt":"2025-10-30T11:02:20","slug":"evenements","status":"publish","type":"page","link":"https:\/\/lucychalkida.com\/fr\/evenements\/","title":{"rendered":"EV\u00c9NEMENTS"},"content":{"rendered":"<h2 class=\"title\">Des \u00e9v\u00e9nements avec la touche Lucy !<\/h2>\n<p>\u00c0 l\u2019h\u00f4tel Lucy, chaque \u00e9v\u00e9nement devient une v\u00e9ritable exp\u00e9rience. Notre emplacement unique, nos ann\u00e9es d\u2019expertise et nos espaces flexibles et enti\u00e8rement \u00e9quip\u00e9s cr\u00e9ent le cadre id\u00e9al pour toute occasion professionnelle ou sociale.<\/p>\n<p>Avec une superficie totale de 600 m\u00b2 et une capacit\u00e9 allant jusqu\u2019\u00e0 410 personnes, nos salles s\u2019adaptent enti\u00e8rement aux besoins et au style de votre \u00e9v\u00e9nement. Nous disposons de deux espaces polyvalents principaux, dot\u00e9s d\u2019\u00e9quipements audiovisuels modernes, de lumi\u00e8re naturelle et de nombreuses configurations possibles.<\/p>\n<p>Types d\u2019\u00e9v\u00e9nements que nous accueillons:<\/p>\n<ul>\n<li>Discours &amp; expositions<\/li>\n<li>\u00c9v\u00e9nements d\u2019entreprise &amp; s\u00e9minaires<\/li>\n<li>Conf\u00e9rences &amp; ateliers<\/li>\n<li>Pr\u00e9sentations de produits<\/li>\n<li>R\u00e9ceptions de mariage &amp; bapt\u00eame<\/li>\n<li>\u00c9v\u00e9nements saisonniers<\/li>\n<li>F\u00eates \u00e0 th\u00e8me &amp; anniversaires pour enfants<\/li>\n<li>Spectacles th\u00e9\u00e2traux<\/li>\n<li>\u00c9v\u00e9nements scolaires<\/li>\n<li>Rencontres sociales<\/li>\n<\/ul>\n<p>Notre \u00e9quipe sp\u00e9cialis\u00e9e organise vos \u00e9v\u00e9nements avec professionnalisme et attention, de votre premier contact jusqu\u2019au moindre d\u00e9tail, en vous proposant des solutions sur mesure qui r\u00e9pondent \u00e0 tous vos besoins, afin d\u2019assurer le bon d\u00e9roulement de votre \u00e9v\u00e9nement \u2014 de la conception \u00e0 la r\u00e9alisation.<\/p>\n","protected":false},"excerpt":{"rendered":"<p>Des \u00e9v\u00e9nements avec la touche Lucy ! \u00c0 l\u2019h\u00f4tel Lucy, chaque \u00e9v\u00e9nement devient une v\u00e9ritable exp\u00e9rience. Notre emplacement unique, nos ann\u00e9es d\u2019expertise et nos espaces flexibles et enti\u00e8rement \u00e9quip\u00e9s cr\u00e9ent le cadre id\u00e9al pour toute occasion professionnelle ou sociale. Avec une superficie totale de 600 m\u00b2 et une capacit\u00e9 allant jusqu\u2019\u00e0 410 personnes, nos salles [&hellip;]<\/p>\n","protected":false},"author":1,"featured_media":0,"parent":0,"menu_order":4,"comment_status":"closed","ping_status":"closed","template":"","meta":{"_acf_changed":false,"slim_seo":{"title":"EV\u00c9NEMENTS - Lucy Hotel \u03a7\u03b1\u03bb\u03ba\u03af\u03b4\u03b1","description":"Des \u00e9v\u00e9nements avec la touche Lucy ! \u00c0 l\u2019h\u00f4tel Lucy, chaque \u00e9v\u00e9nement devient une v\u00e9ritable exp\u00e9rience. Notre emplacement unique, nos ann\u00e9es d\u2019expertise et nos"},"footnotes":""},"class_list":["post-977","page","type-page","status-publish","hentry"],"acf":[],"_links":{"self":[{"href":"https:\/\/lucychalkida.com\/fr\/wp-json\/wp\/v2\/pages\/977","targetHints":{"allow":["GET"]}}],"collection":[{"href":"https:\/\/lucychalkida.com\/fr\/wp-json\/wp\/v2\/pages"}],"about":[{"href":"https:\/\/lucychalkida.com\/fr\/wp-json\/wp\/v2\/types\/page"}],"author":[{"embeddable":true,"href":"https:\/\/lucychalkida.com\/fr\/wp-json\/wp\/v2\/users\/1"}],"replies":[{"embeddable":true,"href":"https:\/\/lucychalkida.com\/fr\/wp-json\/wp\/v2\/comments?post=977"}],"version-history":[{"count":1,"href":"https:\/\/lucychalkida.com\/fr\/wp-json\/wp\/v2\/pages\/977\/revisions"}],"predecessor-version":[{"id":1360,"href":"https:\/\/lucychalkida.com\/fr\/wp-json\/wp\/v2\/pages\/977\/revisions\/1360"}],"wp:attachment":[{"href":"https:\/\/lucychalkida.com\/fr\/wp-json\/wp\/v2\/media?parent=977"}],"curies":[{"name":"wp","href":"https:\/\/api.w.org\/{rel}","templated":true}]}}