{"id":974,"date":"2024-10-16T19:05:56","date_gmt":"2024-10-16T16:05:56","guid":{"rendered":"https:\/\/lucychalkida.com\/lhotel\/"},"modified":"2025-08-06T22:58:48","modified_gmt":"2025-08-06T19:58:48","slug":"lhotel","status":"publish","type":"page","link":"https:\/\/lucychalkida.com\/fr\/lhotel\/","title":{"rendered":"L&#8217;H\u00d4TEL"},"content":{"rendered":"<h2>Bienvenue au c\u0153ur de Chalcis !<\/h2>\n<p>D\u00e9couvrez un monde d&#8217;hospitalit\u00e9, o\u00f9 la tradition rencontre le confort moderne. L&#8217;h\u00f4tel Lucy, avec une histoire remontant \u00e0 1955, se dresse fi\u00e8rement au centre de Chalcis, offrant une vue unique sur le d\u00e9troit d\u2019Euripe et l&#8217;ancien pont mobile.<\/p>\n<p>Avec 92 chambres, notre h\u00f4tel allie \u00e9l\u00e9gance et \u00e9quipements modernes pour vous garantir un s\u00e9jour inoubliable. Commencez votre journ\u00e9e avec notre petit-d\u00e9jeuner grec, d\u00e9tendez-vous dans le salon avec vue sur la mer, et savourez des plats m\u00e9diterran\u00e9ens aux touches cr\u00e9atives au restaurant Palladion, accompagn\u00e9 d&#8217;une vue panoramique sur l\u2019Euripe.<\/p>\n<p>Que vous voyagiez pour affaires ou pour le plaisir, l&#8217;h\u00f4tel Lucy est le choix id\u00e9al pour d\u00e9couvrir la magie de Chalcis dans le confort et le style.<\/p>\n","protected":false},"excerpt":{"rendered":"<p>Bienvenue au c\u0153ur de Chalcis ! D\u00e9couvrez un monde d&#8217;hospitalit\u00e9, o\u00f9 la tradition rencontre le confort moderne. L&#8217;h\u00f4tel Lucy, avec une histoire remontant \u00e0 1955, se dresse fi\u00e8rement au centre de Chalcis, offrant une vue unique sur le d\u00e9troit d\u2019Euripe et l&#8217;ancien pont mobile. Avec 92 chambres, notre h\u00f4tel allie \u00e9l\u00e9gance et \u00e9quipements modernes pour [&hellip;]<\/p>\n","protected":false},"author":1,"featured_media":803,"parent":0,"menu_order":1,"comment_status":"closed","ping_status":"closed","template":"","meta":{"_acf_changed":false,"slim_seo":{"title":"L'H\u00d4TEL - Lucy Hotel \u03a7\u03b1\u03bb\u03ba\u03af\u03b4\u03b1","description":"Bienvenue au c\u0153ur de Chalcis ! D\u00e9couvrez un monde d'hospitalit\u00e9, o\u00f9 la tradition rencontre le confort moderne. L'h\u00f4tel Lucy, avec une histoire remontant \u00e0 1955,"},"footnotes":""},"class_list":["post-974","page","type-page","status-publish","has-post-thumbnail","hentry"],"acf":[],"_links":{"self":[{"href":"https:\/\/lucychalkida.com\/fr\/wp-json\/wp\/v2\/pages\/974","targetHints":{"allow":["GET"]}}],"collection":[{"href":"https:\/\/lucychalkida.com\/fr\/wp-json\/wp\/v2\/pages"}],"about":[{"href":"https:\/\/lucychalkida.com\/fr\/wp-json\/wp\/v2\/types\/page"}],"author":[{"embeddable":true,"href":"https:\/\/lucychalkida.com\/fr\/wp-json\/wp\/v2\/users\/1"}],"replies":[{"embeddable":true,"href":"https:\/\/lucychalkida.com\/fr\/wp-json\/wp\/v2\/comments?post=974"}],"version-history":[{"count":0,"href":"https:\/\/lucychalkida.com\/fr\/wp-json\/wp\/v2\/pages\/974\/revisions"}],"wp:featuredmedia":[{"embeddable":true,"href":"https:\/\/lucychalkida.com\/fr\/wp-json\/wp\/v2\/media\/803"}],"wp:attachment":[{"href":"https:\/\/lucychalkida.com\/fr\/wp-json\/wp\/v2\/media?parent=974"}],"curies":[{"name":"wp","href":"https:\/\/api.w.org\/{rel}","templated":true}]}}