{"id":1367,"date":"2024-10-16T19:05:56","date_gmt":"2024-10-16T16:05:56","guid":{"rendered":"https:\/\/lucychalkida.com\/diamoni\/"},"modified":"2025-11-01T19:28:12","modified_gmt":"2025-11-01T17:28:12","slug":"diamoni","status":"publish","type":"page","link":"https:\/\/lucychalkida.com\/de\/diamoni\/","title":{"rendered":"UNTERKUNFT"},"content":{"rendered":"<p>Entdecken Sie die Gastfreundschaft Chalkidas im emblematischen Hotel Lucy, dessen 92 Zimmer Komfort, Stil und einen Blick auf das Meer oder die Stadt bieten. W\u00e4hlen Sie aus 6 verschiedenen Zimmertypen, die sich ideal eignen, egal ob Sie privat oder gesch\u00e4ftlich reisen. Die zarten Blaut\u00f6ne, die Holzb\u00f6den und die modernen Annehmlichkeiten schaffen eine entspannende und luxuri\u00f6se Atmosph\u00e4re, in der Sie sich wie zu Hause f\u00fchlen werden \u2013 oder sogar noch besser!<\/p>\n","protected":false},"excerpt":{"rendered":"<p>Entdecken Sie die Gastfreundschaft Chalkidas im emblematischen Hotel Lucy, dessen 92 Zimmer Komfort, Stil und einen Blick auf das Meer oder die Stadt bieten. W\u00e4hlen Sie aus 6 verschiedenen Zimmertypen, die sich ideal eignen, egal ob Sie privat oder gesch\u00e4ftlich reisen. Die zarten Blaut\u00f6ne, die Holzb\u00f6den und die modernen Annehmlichkeiten schaffen eine entspannende und luxuri\u00f6se [&hellip;]<\/p>\n","protected":false},"author":1,"featured_media":1368,"parent":0,"menu_order":2,"comment_status":"closed","ping_status":"closed","template":"","meta":{"_acf_changed":false,"slim_seo":{"title":"UNTERKUNFT - Lucy Hotel \u03a7\u03b1\u03bb\u03ba\u03af\u03b4\u03b1","description":"Entdecken Sie die Gastfreundschaft Chalkidas im emblematischen Hotel Lucy, dessen 92 Zimmer Komfort, Stil und einen Blick auf das Meer oder die Stadt bieten. W\u00e4"},"footnotes":""},"class_list":["post-1367","page","type-page","status-publish","has-post-thumbnail","hentry"],"acf":[],"_links":{"self":[{"href":"https:\/\/lucychalkida.com\/de\/wp-json\/wp\/v2\/pages\/1367","targetHints":{"allow":["GET"]}}],"collection":[{"href":"https:\/\/lucychalkida.com\/de\/wp-json\/wp\/v2\/pages"}],"about":[{"href":"https:\/\/lucychalkida.com\/de\/wp-json\/wp\/v2\/types\/page"}],"author":[{"embeddable":true,"href":"https:\/\/lucychalkida.com\/de\/wp-json\/wp\/v2\/users\/1"}],"replies":[{"embeddable":true,"href":"https:\/\/lucychalkida.com\/de\/wp-json\/wp\/v2\/comments?post=1367"}],"version-history":[{"count":1,"href":"https:\/\/lucychalkida.com\/de\/wp-json\/wp\/v2\/pages\/1367\/revisions"}],"predecessor-version":[{"id":1369,"href":"https:\/\/lucychalkida.com\/de\/wp-json\/wp\/v2\/pages\/1367\/revisions\/1369"}],"wp:featuredmedia":[{"embeddable":true,"href":"https:\/\/lucychalkida.com\/de\/wp-json\/wp\/v2\/media\/1368"}],"wp:attachment":[{"href":"https:\/\/lucychalkida.com\/de\/wp-json\/wp\/v2\/media?parent=1367"}],"curies":[{"name":"wp","href":"https:\/\/api.w.org\/{rel}","templated":true}]}}