{"id":1364,"date":"2024-10-16T19:05:56","date_gmt":"2024-10-16T16:05:56","guid":{"rendered":"https:\/\/lucychalkida.com\/ekdiloseis\/"},"modified":"2025-11-01T19:18:48","modified_gmt":"2025-11-01T17:18:48","slug":"ekdiloseis","status":"publish","type":"page","link":"https:\/\/lucychalkida.com\/de\/ekdiloseis\/","title":{"rendered":"VERANSTALTUNGEN"},"content":{"rendered":"<h2>Veranstaltungen mit Lucy-Signatur!<\/h2>\n<p>Im Hotel Lucy wird jede Veranstaltung zu einem Erlebnis. Unsere einzigartige Lage, langj\u00e4hrige Erfahrung und unsere flexiblen, voll ausgestatteten R\u00e4umlichkeiten schaffen den perfekten Rahmen f\u00fcr jeden gesch\u00e4ftlichen oder gesellschaftlichen Anlass.<\/p>\n<p>Mit einer Gesamtfl\u00e4che von 600m\u00b2 und einer Kapazit\u00e4t von bis zu 410 Personen lassen sich unsere Veranstaltungsr\u00e4ume an die Bed\u00fcrfnisse und den Stil Ihrer Veranstaltung voll anpassen. Wir verf\u00fcgen \u00fcber zwei gro\u00dfe Mehrzweckr\u00e4ume mit moderner audiovisueller Ausstattung, Tageslicht und vielf\u00e4ltigen Gestaltungsm\u00f6glichkeiten.<\/p>\n<p>Veranstaltungsarten, die wir ausrichten:<\/p>\n<ul>\n<li>Reden &amp; Pr\u00e4sentationen<\/li>\n<li>Firmenveranstaltungen &amp; Seminare<\/li>\n<li>Tagungen &amp; Workshops<\/li>\n<li>Produktausstellungen<\/li>\n<li>Hochzeits- und Tauffeiern<\/li>\n<li>Neujahrsfeiern<\/li>\n<li>Motto- &amp; Kinderpartys<\/li>\n<li>Theaterauff\u00fchrungen<\/li>\n<li>Schulveranstaltungen<\/li>\n<li>Gesellschaftliche Zusammenk\u00fcnfte<\/li>\n<\/ul>\n<p>Unser spezialisiertes Team \u00fcbernimmt die Organisation mit Professionalit\u00e4t und Sorgfalt, von der ersten Kontaktaufnahme bis zum letzten Detail, und bietet Ihnen Komplettl\u00f6sungen, die alle Ihre Bed\u00fcrfnisse abdecken und sicherstellen, dass Ihre Veranstaltung perfekt verl\u00e4uft \u2013 von der Planung bis zur Umsetzung.<\/p>\n","protected":false},"excerpt":{"rendered":"<p>Veranstaltungen mit Lucy-Signatur! Im Hotel Lucy wird jede Veranstaltung zu einem Erlebnis. Unsere einzigartige Lage, langj\u00e4hrige Erfahrung und unsere flexiblen, voll ausgestatteten R\u00e4umlichkeiten schaffen den perfekten Rahmen f\u00fcr jeden gesch\u00e4ftlichen oder gesellschaftlichen Anlass. Mit einer Gesamtfl\u00e4che von 600m\u00b2 und einer Kapazit\u00e4t von bis zu 410 Personen lassen sich unsere Veranstaltungsr\u00e4ume an die Bed\u00fcrfnisse und den [&hellip;]<\/p>\n","protected":false},"author":1,"featured_media":0,"parent":0,"menu_order":4,"comment_status":"closed","ping_status":"closed","template":"","meta":{"_acf_changed":false,"slim_seo":{"title":"VERANSTALTUNGEN - Lucy Hotel \u03a7\u03b1\u03bb\u03ba\u03af\u03b4\u03b1","description":"Veranstaltungen mit Lucy-Signatur! Im Hotel Lucy wird jede Veranstaltung zu einem Erlebnis. Unsere einzigartige Lage, langj\u00e4hrige Erfahrung und unsere flexiblen"},"footnotes":""},"class_list":["post-1364","page","type-page","status-publish","hentry"],"acf":[],"_links":{"self":[{"href":"https:\/\/lucychalkida.com\/de\/wp-json\/wp\/v2\/pages\/1364","targetHints":{"allow":["GET"]}}],"collection":[{"href":"https:\/\/lucychalkida.com\/de\/wp-json\/wp\/v2\/pages"}],"about":[{"href":"https:\/\/lucychalkida.com\/de\/wp-json\/wp\/v2\/types\/page"}],"author":[{"embeddable":true,"href":"https:\/\/lucychalkida.com\/de\/wp-json\/wp\/v2\/users\/1"}],"replies":[{"embeddable":true,"href":"https:\/\/lucychalkida.com\/de\/wp-json\/wp\/v2\/comments?post=1364"}],"version-history":[{"count":2,"href":"https:\/\/lucychalkida.com\/de\/wp-json\/wp\/v2\/pages\/1364\/revisions"}],"predecessor-version":[{"id":1366,"href":"https:\/\/lucychalkida.com\/de\/wp-json\/wp\/v2\/pages\/1364\/revisions\/1366"}],"wp:attachment":[{"href":"https:\/\/lucychalkida.com\/de\/wp-json\/wp\/v2\/media?parent=1364"}],"curies":[{"name":"wp","href":"https:\/\/api.w.org\/{rel}","templated":true}]}}