{"id":1362,"date":"2024-10-16T19:05:56","date_gmt":"2024-10-16T16:05:56","guid":{"rendered":"https:\/\/lucychalkida.com\/topothesia\/"},"modified":"2025-11-01T19:13:35","modified_gmt":"2025-11-01T17:13:35","slug":"topothesia","status":"publish","type":"page","link":"https:\/\/lucychalkida.com\/de\/topothesia\/","title":{"rendered":"LAGE"},"content":{"rendered":"<p>Das Hotel Lucy genie\u00dft eine privilegierte Lage im Herzen Chalkidas, einer Stadt mit reicher Geschichte, lebhafter Atmosph\u00e4re und einzigartiger nat\u00fcrlicher Sch\u00f6nheit. Wir befinden uns an einem Ort, der Ruhe und leichten Zugang zu allen wichtigen Sehensw\u00fcrdigkeiten vereint.<\/p>\n<p>Von unserem Hotel aus k\u00f6nnen Sie bequem die Stadt zu Fu\u00df erkunden, den Meerblick genie\u00dfen und in die lokale Kultur eintauchen. Unsere strategische Lage bietet direkten Zugang zu Gesch\u00e4ften, Restaurants, Caf\u00e9s und den wichtigsten Sehensw\u00fcrdigkeiten.<\/p>\n","protected":false},"excerpt":{"rendered":"<p>Das Hotel Lucy genie\u00dft eine privilegierte Lage im Herzen Chalkidas, einer Stadt mit reicher Geschichte, lebhafter Atmosph\u00e4re und einzigartiger nat\u00fcrlicher Sch\u00f6nheit. Wir befinden uns an einem Ort, der Ruhe und leichten Zugang zu allen wichtigen Sehensw\u00fcrdigkeiten vereint. Von unserem Hotel aus k\u00f6nnen Sie bequem die Stadt zu Fu\u00df erkunden, den Meerblick genie\u00dfen und in die [&hellip;]<\/p>\n","protected":false},"author":1,"featured_media":0,"parent":0,"menu_order":6,"comment_status":"closed","ping_status":"closed","template":"","meta":{"_acf_changed":false,"slim_seo":{"title":"LAGE - Lucy Hotel \u03a7\u03b1\u03bb\u03ba\u03af\u03b4\u03b1","description":"Das Hotel Lucy genie\u00dft eine privilegierte Lage im Herzen Chalkidas, einer Stadt mit reicher Geschichte, lebhafter Atmosph\u00e4re und einzigartiger nat\u00fcrlicher Sch\u00f6n"},"footnotes":""},"class_list":["post-1362","page","type-page","status-publish","hentry"],"acf":[],"_links":{"self":[{"href":"https:\/\/lucychalkida.com\/de\/wp-json\/wp\/v2\/pages\/1362","targetHints":{"allow":["GET"]}}],"collection":[{"href":"https:\/\/lucychalkida.com\/de\/wp-json\/wp\/v2\/pages"}],"about":[{"href":"https:\/\/lucychalkida.com\/de\/wp-json\/wp\/v2\/types\/page"}],"author":[{"embeddable":true,"href":"https:\/\/lucychalkida.com\/de\/wp-json\/wp\/v2\/users\/1"}],"replies":[{"embeddable":true,"href":"https:\/\/lucychalkida.com\/de\/wp-json\/wp\/v2\/comments?post=1362"}],"version-history":[{"count":1,"href":"https:\/\/lucychalkida.com\/de\/wp-json\/wp\/v2\/pages\/1362\/revisions"}],"predecessor-version":[{"id":1363,"href":"https:\/\/lucychalkida.com\/de\/wp-json\/wp\/v2\/pages\/1362\/revisions\/1363"}],"wp:attachment":[{"href":"https:\/\/lucychalkida.com\/de\/wp-json\/wp\/v2\/media?parent=1362"}],"curies":[{"name":"wp","href":"https:\/\/api.w.org\/{rel}","templated":true}]}}